{"id":4009,"date":"2023-12-29T11:29:38","date_gmt":"2023-12-29T10:29:38","guid":{"rendered":"http:\/\/dev.sevcommunication.com\/?page_id=4009"},"modified":"2026-04-23T11:40:10","modified_gmt":"2026-04-23T09:40:10","slug":"page-accueil-slider-test","status":"publish","type":"page","link":"https:\/\/sevcommunication.com\/","title":{"rendered":"Accueil"},"content":{"rendered":"\t\t<div data-elementor-type=\"wp-page\" data-elementor-id=\"4009\" class=\"elementor elementor-4009\" data-elementor-post-type=\"page\">\n\t\t\t\t\t\t\t<div class=\"elementor-element elementor-element-f8929f3 e-con-full e-flex wpr-particle-no wpr-jarallax-no wpr-parallax-no wpr-sticky-section-no e-con e-parent\" data-id=\"f8929f3\" data-element_type=\"container\" data-settings=\"{&quot;content_width&quot;:&quot;full&quot;,&quot;container_type&quot;:&quot;flex&quot;}\" data-core-v316-plus=\"true\">\n\t\t\t\t<div class=\"elementor-element elementor-element-7e64c7e elementor-widget__width-inherit elementor-widget elementor-widget-htsliderpro-addons\" data-id=\"7e64c7e\" data-element_type=\"widget\" data-widget_type=\"htsliderpro-addons.default\">\n\t\t\t\t<div class=\"elementor-widget-container\">\n\t\t\t\n        <div class=\"htslider-postslider-area htslider-area-pro htslider-postslider-style-1 htslider-carousel-activation htslider-arrow-1 \" data-settings=\"{&quot;arrows&quot;:true,&quot;arrow_prev_txt&quot;:&quot;&lt;i aria-hidden=\\&quot;true\\&quot; class=\\&quot;fas fa-arrow-circle-left\\&quot;&gt;&lt;\\\/i&gt;&quot;,&quot;arrow_next_txt&quot;:&quot;&lt;i aria-hidden=\\&quot;true\\&quot; class=\\&quot;fas fa-arrow-circle-right\\&quot;&gt;&lt;\\\/i&gt;&quot;,&quot;dots&quot;:false,&quot;autoplay&quot;:true,&quot;autoplay_speed&quot;:6000,&quot;animation_speed&quot;:1000,&quot;pause_on_hover&quot;:false,&quot;center_mode&quot;:false,&quot;center_padding&quot;:0,&quot;display_columns&quot;:1,&quot;scroll_columns&quot;:1,&quot;tablet_width&quot;:750,&quot;tablet_display_columns&quot;:1,&quot;tablet_scroll_columns&quot;:1,&quot;mobile_width&quot;:480,&quot;mobile_display_columns&quot;:1,&quot;mobile_scroll_columns&quot;:1}\" style=\"display:none;\">\n            \n                           <div class=\"htslider-data-title htslider-single-post-slide htslider-postslider-layout-1\" >\n                    \t\t<div data-elementor-type=\"wp-post\" data-elementor-id=\"3984\" class=\"elementor elementor-3984\" data-elementor-post-type=\"htslider_slider\">\n\t\t\t\t\t\t\t<div class=\"elementor-element elementor-element-afd163b e-con-full e-flex wpr-particle-no wpr-jarallax-no wpr-parallax-no wpr-sticky-section-no e-con e-parent\" data-id=\"afd163b\" data-element_type=\"container\" data-settings=\"{&quot;background_background&quot;:&quot;classic&quot;,&quot;content_width&quot;:&quot;full&quot;,&quot;container_type&quot;:&quot;flex&quot;}\" data-core-v316-plus=\"true\">\n\t\t<div class=\"elementor-element elementor-element-bdbace2 e-flex e-con-boxed wpr-particle-no wpr-jarallax-no wpr-parallax-no wpr-sticky-section-no e-con e-child\" data-id=\"bdbace2\" data-element_type=\"container\" data-settings=\"{&quot;container_type&quot;:&quot;flex&quot;,&quot;content_width&quot;:&quot;boxed&quot;}\">\n\t\t\t\t\t<div class=\"e-con-inner\">\n\t\t\t\t<div class=\"elementor-element elementor-element-df41962 elementor-widget__width-initial elementor-widget elementor-widget-text-editor\" data-id=\"df41962\" data-element_type=\"widget\" data-widget_type=\"text-editor.default\">\n\t\t\t\t<div class=\"elementor-widget-container\">\n\t\t\t<style>\/*! elementor - v3.18.0 - 20-12-2023 *\/\n.elementor-widget-text-editor.elementor-drop-cap-view-stacked .elementor-drop-cap{background-color:#69727d;color:#fff}.elementor-widget-text-editor.elementor-drop-cap-view-framed .elementor-drop-cap{color:#69727d;border:3px solid;background-color:transparent}.elementor-widget-text-editor:not(.elementor-drop-cap-view-default) .elementor-drop-cap{margin-top:8px}.elementor-widget-text-editor:not(.elementor-drop-cap-view-default) .elementor-drop-cap-letter{width:1em;height:1em}.elementor-widget-text-editor .elementor-drop-cap{float:left;text-align:center;line-height:1;font-size:50px}.elementor-widget-text-editor .elementor-drop-cap-letter{display:inline-block}<\/style>\t\t\t\t<p>Une exposition relatant l&rsquo;histoire de M\u00e2con par l&rsquo;arch\u00e9ologie.<\/p>\t\t\t\t\t\t<\/div>\n\t\t\t\t<\/div>\n\t\t\t\t<div class=\"elementor-element elementor-element-775b0e3 elementor-view-default elementor-widget elementor-widget-icon\" data-id=\"775b0e3\" data-element_type=\"widget\" data-widget_type=\"icon.default\">\n\t\t\t\t<div class=\"elementor-widget-container\">\n\t\t\t\t\t<div class=\"elementor-icon-wrapper\">\n\t\t\t<a class=\"elementor-icon elementor-animation-pulse-shrink\" href=\"https:\/\/sevcommunication.com\/index.php\/exposition-macon-de-la-periode-gauloise-a-lan-mil\/\">\n\t\t\t<i aria-hidden=\"true\" class=\"far fa-eye\"><\/i>\t\t\t<\/a>\n\t\t<\/div>\n\t\t\t\t<\/div>\n\t\t\t\t<\/div>\n\t\t\t\t\t<\/div>\n\t\t\t\t<\/div>\n\t\t\t\t<\/div>\n\t\t\t\t\t\t\t<\/div>\n\t\t                <\/div>\n                           <div class=\"htslider-data-title htslider-single-post-slide htslider-postslider-layout-1\" >\n                    \t\t<div data-elementor-type=\"wp-post\" data-elementor-id=\"3994\" class=\"elementor elementor-3994\" data-elementor-post-type=\"htslider_slider\">\n\t\t\t\t\t\t\t<div class=\"elementor-element elementor-element-4762399a e-con-full e-flex wpr-particle-no wpr-jarallax-no wpr-parallax-no wpr-sticky-section-no e-con e-parent\" data-id=\"4762399a\" data-element_type=\"container\" data-settings=\"{&quot;background_background&quot;:&quot;classic&quot;,&quot;content_width&quot;:&quot;full&quot;,&quot;container_type&quot;:&quot;flex&quot;}\" data-core-v316-plus=\"true\">\n\t\t<div class=\"elementor-element elementor-element-4c8c46e2 e-con-full e-flex wpr-particle-no wpr-jarallax-no wpr-parallax-no wpr-sticky-section-no e-con e-child\" data-id=\"4c8c46e2\" data-element_type=\"container\" data-settings=\"{&quot;content_width&quot;:&quot;full&quot;,&quot;container_type&quot;:&quot;flex&quot;}\">\n\t\t\t\t<div class=\"elementor-element elementor-element-550e848b elementor-widget__width-initial elementor-widget elementor-widget-text-editor\" data-id=\"550e848b\" data-element_type=\"widget\" data-widget_type=\"text-editor.default\">\n\t\t\t\t<div class=\"elementor-widget-container\">\n\t\t\t\t\t\t\t<p>Graphisme, signal\u00e9tique et cartographie pour un espace touristique au coeur des Pyr\u00e9n\u00e9es.<\/p>\t\t\t\t\t\t<\/div>\n\t\t\t\t<\/div>\n\t\t\t\t<div class=\"elementor-element elementor-element-739376 elementor-view-default elementor-widget elementor-widget-icon\" data-id=\"739376\" data-element_type=\"widget\" data-widget_type=\"icon.default\">\n\t\t\t\t<div class=\"elementor-widget-container\">\n\t\t\t\t\t<div class=\"elementor-icon-wrapper\">\n\t\t\t<a class=\"elementor-icon elementor-animation-pulse-shrink\" href=\"https:\/\/sevcommunication.com\/index.php\/signaletique-espace-somport\/\">\n\t\t\t<i aria-hidden=\"true\" class=\"far fa-eye\"><\/i>\t\t\t<\/a>\n\t\t<\/div>\n\t\t\t\t<\/div>\n\t\t\t\t<\/div>\n\t\t\t\t<\/div>\n\t\t\t\t<\/div>\n\t\t\t\t\t\t\t<\/div>\n\t\t                <\/div>\n                           <div class=\"htslider-data-title htslider-single-post-slide htslider-postslider-layout-1\" >\n                                    <\/div>\n                                <\/div>\n        \t\t<\/div>\n\t\t\t\t<\/div>\n\t\t\t\t<\/div>\n\t\t<div class=\"elementor-element elementor-element-81f2b7b e-con-full e-flex wpr-particle-no wpr-jarallax-no wpr-parallax-no wpr-sticky-section-no e-con e-parent\" data-id=\"81f2b7b\" data-element_type=\"container\" data-settings=\"{&quot;content_width&quot;:&quot;full&quot;,&quot;container_type&quot;:&quot;flex&quot;}\" data-core-v316-plus=\"true\">\n\t\t\t\t<div class=\"elementor-element elementor-element-5ae9bd0 elementor-widget elementor-widget-heading\" data-id=\"5ae9bd0\" data-element_type=\"widget\" data-settings=\"{&quot;motion_fx_motion_fx_mouse&quot;:&quot;yes&quot;}\" data-widget_type=\"heading.default\">\n\t\t\t\t<div class=\"elementor-widget-container\">\n\t\t\t<style>\/*! elementor - v3.18.0 - 20-12-2023 *\/\n.elementor-heading-title{padding:0;margin:0;line-height:1}.elementor-widget-heading .elementor-heading-title[class*=elementor-size-]>a{color:inherit;font-size:inherit;line-height:inherit}.elementor-widget-heading .elementor-heading-title.elementor-size-small{font-size:15px}.elementor-widget-heading .elementor-heading-title.elementor-size-medium{font-size:19px}.elementor-widget-heading .elementor-heading-title.elementor-size-large{font-size:29px}.elementor-widget-heading .elementor-heading-title.elementor-size-xl{font-size:39px}.elementor-widget-heading .elementor-heading-title.elementor-size-xxl{font-size:59px}<\/style><h2 class=\"elementor-heading-title elementor-size-default\"><a href=\"https:\/\/sevcommunication.com\/index.php\/projets-graphisme\/\">Graphisme<\/a><\/h2>\t\t<\/div>\n\t\t\t\t<\/div>\n\t\t\t\t<div class=\"elementor-element elementor-element-60d1107 elementor-widget elementor-widget-heading\" data-id=\"60d1107\" data-element_type=\"widget\" data-widget_type=\"heading.default\">\n\t\t\t\t<div class=\"elementor-widget-container\">\n\t\t\t<h2 class=\"elementor-heading-title elementor-size-default\"><a href=\"https:\/\/sevcommunication.com\/index.php\/projets-scenographie\/\">Sc\u00e9nographie<\/a><\/h2>\t\t<\/div>\n\t\t\t\t<\/div>\n\t\t\t\t<div class=\"elementor-element elementor-element-86402c9 elementor-widget elementor-widget-heading\" data-id=\"86402c9\" data-element_type=\"widget\" data-widget_type=\"heading.default\">\n\t\t\t\t<div class=\"elementor-widget-container\">\n\t\t\t<h2 class=\"elementor-heading-title elementor-size-default\"><a href=\"https:\/\/sevcommunication.com\/index.php\/projets-signaletique\/\">Signal\u00e9tique<\/a><\/h2>\t\t<\/div>\n\t\t\t\t<\/div>\n\t\t\t\t<\/div>\n\t\t\t\t\t\t\t<\/div>\n\t\t","protected":false},"excerpt":{"rendered":"<p>Une exposition relatant l&#8217;histoire de M\u00e2con par l&#8217;arch\u00e9ologie. Graphisme, signal\u00e9tique et cartographie pour un espace touristique au coeur des Pyr\u00e9n\u00e9es. Graphisme Sc\u00e9nographie Signal\u00e9tique<\/p>\n","protected":false},"author":1,"featured_media":0,"parent":0,"menu_order":0,"comment_status":"closed","ping_status":"closed","template":"elementor_header_footer","meta":{"_coblocks_attr":"","_coblocks_dimensions":"","_coblocks_responsive_height":"","_coblocks_accordion_ie_support":"","footnotes":""},"class_list":["post-4009","page","type-page","status-publish","hentry","entry"],"yoast_head":"<!-- This site is optimized with the Yoast SEO plugin v20.9 - https:\/\/yoast.com\/wordpress\/plugins\/seo\/ -->\n<title>Accueil - SEVcommunication<\/title>\n<meta name=\"robots\" content=\"index, follow, max-snippet:-1, max-image-preview:large, max-video-preview:-1\" \/>\n<link rel=\"canonical\" href=\"https:\/\/sevcommunication.com\/\" \/>\n<meta property=\"og:locale\" content=\"fr_FR\" \/>\n<meta property=\"og:type\" content=\"article\" \/>\n<meta property=\"og:title\" content=\"Accueil - SEVcommunication\" \/>\n<meta property=\"og:description\" content=\"Une exposition relatant l&#8217;histoire de M\u00e2con par l&#8217;arch\u00e9ologie. Graphisme, signal\u00e9tique et cartographie pour un espace touristique au coeur des Pyr\u00e9n\u00e9es. Graphisme Sc\u00e9nographie Signal\u00e9tique\" \/>\n<meta property=\"og:url\" content=\"https:\/\/sevcommunication.com\/\" \/>\n<meta property=\"og:site_name\" content=\"SEVcommunication\" \/>\n<meta property=\"article:modified_time\" content=\"2026-04-23T09:40:10+00:00\" \/>\n<meta name=\"twitter:card\" content=\"summary_large_image\" \/>\n<meta name=\"twitter:label1\" content=\"Dur\u00e9e de lecture estim\u00e9e\" \/>\n\t<meta name=\"twitter:data1\" content=\"4 minutes\" \/>\n<script type=\"application\/ld+json\" class=\"yoast-schema-graph\">{\"@context\":\"https:\/\/schema.org\",\"@graph\":[{\"@type\":\"WebPage\",\"@id\":\"https:\/\/sevcommunication.com\/\",\"url\":\"https:\/\/sevcommunication.com\/\",\"name\":\"Accueil - SEVcommunication\",\"isPartOf\":{\"@id\":\"https:\/\/sevcommunication.com\/#website\"},\"datePublished\":\"2023-12-29T10:29:38+00:00\",\"dateModified\":\"2026-04-23T09:40:10+00:00\",\"breadcrumb\":{\"@id\":\"https:\/\/sevcommunication.com\/#breadcrumb\"},\"inLanguage\":\"fr-FR\",\"potentialAction\":[{\"@type\":\"ReadAction\",\"target\":[\"https:\/\/sevcommunication.com\/\"]}]},{\"@type\":\"BreadcrumbList\",\"@id\":\"https:\/\/sevcommunication.com\/#breadcrumb\",\"itemListElement\":[{\"@type\":\"ListItem\",\"position\":1,\"name\":\"Accueil\",\"item\":\"https:\/\/sevcommunication.com\/\"},{\"@type\":\"ListItem\",\"position\":2,\"name\":\"Accueil\"}]},{\"@type\":\"WebSite\",\"@id\":\"https:\/\/sevcommunication.com\/#website\",\"url\":\"https:\/\/sevcommunication.com\/\",\"name\":\"SEVcommunication\",\"description\":\"Agence de communication en r\u00e9gion lyonnaise\",\"potentialAction\":[{\"@type\":\"SearchAction\",\"target\":{\"@type\":\"EntryPoint\",\"urlTemplate\":\"https:\/\/sevcommunication.com\/?s={search_term_string}\"},\"query-input\":\"required name=search_term_string\"}],\"inLanguage\":\"fr-FR\"}]}<\/script>\n<!-- \/ Yoast SEO plugin. -->","yoast_head_json":{"title":"Accueil - SEVcommunication","robots":{"index":"index","follow":"follow","max-snippet":"max-snippet:-1","max-image-preview":"max-image-preview:large","max-video-preview":"max-video-preview:-1"},"canonical":"https:\/\/sevcommunication.com\/","og_locale":"fr_FR","og_type":"article","og_title":"Accueil - SEVcommunication","og_description":"Une exposition relatant l&#8217;histoire de M\u00e2con par l&#8217;arch\u00e9ologie. Graphisme, signal\u00e9tique et cartographie pour un espace touristique au coeur des Pyr\u00e9n\u00e9es. Graphisme Sc\u00e9nographie Signal\u00e9tique","og_url":"https:\/\/sevcommunication.com\/","og_site_name":"SEVcommunication","article_modified_time":"2026-04-23T09:40:10+00:00","twitter_card":"summary_large_image","twitter_misc":{"Dur\u00e9e de lecture estim\u00e9e":"4 minutes"},"schema":{"@context":"https:\/\/schema.org","@graph":[{"@type":"WebPage","@id":"https:\/\/sevcommunication.com\/","url":"https:\/\/sevcommunication.com\/","name":"Accueil - SEVcommunication","isPartOf":{"@id":"https:\/\/sevcommunication.com\/#website"},"datePublished":"2023-12-29T10:29:38+00:00","dateModified":"2026-04-23T09:40:10+00:00","breadcrumb":{"@id":"https:\/\/sevcommunication.com\/#breadcrumb"},"inLanguage":"fr-FR","potentialAction":[{"@type":"ReadAction","target":["https:\/\/sevcommunication.com\/"]}]},{"@type":"BreadcrumbList","@id":"https:\/\/sevcommunication.com\/#breadcrumb","itemListElement":[{"@type":"ListItem","position":1,"name":"Accueil","item":"https:\/\/sevcommunication.com\/"},{"@type":"ListItem","position":2,"name":"Accueil"}]},{"@type":"WebSite","@id":"https:\/\/sevcommunication.com\/#website","url":"https:\/\/sevcommunication.com\/","name":"SEVcommunication","description":"Agence de communication en r\u00e9gion lyonnaise","potentialAction":[{"@type":"SearchAction","target":{"@type":"EntryPoint","urlTemplate":"https:\/\/sevcommunication.com\/?s={search_term_string}"},"query-input":"required name=search_term_string"}],"inLanguage":"fr-FR"}]}},"_links":{"self":[{"href":"https:\/\/sevcommunication.com\/index.php\/wp-json\/wp\/v2\/pages\/4009","targetHints":{"allow":["GET"]}}],"collection":[{"href":"https:\/\/sevcommunication.com\/index.php\/wp-json\/wp\/v2\/pages"}],"about":[{"href":"https:\/\/sevcommunication.com\/index.php\/wp-json\/wp\/v2\/types\/page"}],"author":[{"embeddable":true,"href":"https:\/\/sevcommunication.com\/index.php\/wp-json\/wp\/v2\/users\/1"}],"replies":[{"embeddable":true,"href":"https:\/\/sevcommunication.com\/index.php\/wp-json\/wp\/v2\/comments?post=4009"}],"version-history":[{"count":65,"href":"https:\/\/sevcommunication.com\/index.php\/wp-json\/wp\/v2\/pages\/4009\/revisions"}],"predecessor-version":[{"id":7633,"href":"https:\/\/sevcommunication.com\/index.php\/wp-json\/wp\/v2\/pages\/4009\/revisions\/7633"}],"wp:attachment":[{"href":"https:\/\/sevcommunication.com\/index.php\/wp-json\/wp\/v2\/media?parent=4009"}],"curies":[{"name":"wp","href":"https:\/\/api.w.org\/{rel}","templated":true}]}}