{"id":4311,"date":"2024-01-06T10:33:52","date_gmt":"2024-01-06T09:33:52","guid":{"rendered":"http:\/\/dev.sevcommunication.com\/?page_id=4311"},"modified":"2024-04-02T14:45:40","modified_gmt":"2024-04-02T12:45:40","slug":"lagence-nouvelle-version","status":"publish","type":"page","link":"https:\/\/sevcommunication.com\/index.php\/lagence-nouvelle-version\/","title":{"rendered":"L&rsquo;agence"},"content":{"rendered":"\t\t<div data-elementor-type=\"wp-page\" data-elementor-id=\"4311\" class=\"elementor elementor-4311\" data-elementor-post-type=\"page\">\n\t\t\t\t\t\t\t<div class=\"elementor-element elementor-element-29bedfe e-con-full e-flex wpr-particle-no wpr-jarallax-no wpr-parallax-no wpr-sticky-section-no e-con e-parent\" data-id=\"29bedfe\" data-element_type=\"container\" data-settings=\"{&quot;content_width&quot;:&quot;full&quot;,&quot;background_background&quot;:&quot;classic&quot;,&quot;container_type&quot;:&quot;flex&quot;}\" data-core-v316-plus=\"true\">\n\t\t\t\t<\/div>\n\t\t<div class=\"elementor-element elementor-element-2f1bd53 e-flex e-con-boxed wpr-particle-no wpr-jarallax-no wpr-parallax-no wpr-sticky-section-no e-con e-parent\" data-id=\"2f1bd53\" data-element_type=\"container\" data-settings=\"{&quot;container_type&quot;:&quot;flex&quot;,&quot;content_width&quot;:&quot;boxed&quot;}\" data-core-v316-plus=\"true\">\n\t\t\t\t\t<div class=\"e-con-inner\">\n\t\t<div class=\"elementor-element elementor-element-5bfdcf4 e-con-full e-flex wpr-particle-no wpr-jarallax-no wpr-parallax-no wpr-sticky-section-no e-con e-child\" data-id=\"5bfdcf4\" data-element_type=\"container\" data-settings=\"{&quot;content_width&quot;:&quot;full&quot;,&quot;container_type&quot;:&quot;flex&quot;}\">\n\t\t\t\t<div class=\"elementor-element elementor-element-a5b3edd elementor-widget-divider--view-line elementor-widget elementor-widget-divider\" data-id=\"a5b3edd\" data-element_type=\"widget\" data-widget_type=\"divider.default\">\n\t\t\t\t<div class=\"elementor-widget-container\">\n\t\t\t<style>\/*! elementor - v3.18.0 - 20-12-2023 *\/\n.elementor-widget-divider{--divider-border-style:none;--divider-border-width:1px;--divider-color:#0c0d0e;--divider-icon-size:20px;--divider-element-spacing:10px;--divider-pattern-height:24px;--divider-pattern-size:20px;--divider-pattern-url:none;--divider-pattern-repeat:repeat-x}.elementor-widget-divider .elementor-divider{display:flex}.elementor-widget-divider .elementor-divider__text{font-size:15px;line-height:1;max-width:95%}.elementor-widget-divider .elementor-divider__element{margin:0 var(--divider-element-spacing);flex-shrink:0}.elementor-widget-divider .elementor-icon{font-size:var(--divider-icon-size)}.elementor-widget-divider .elementor-divider-separator{display:flex;margin:0;direction:ltr}.elementor-widget-divider--view-line_icon .elementor-divider-separator,.elementor-widget-divider--view-line_text .elementor-divider-separator{align-items:center}.elementor-widget-divider--view-line_icon .elementor-divider-separator:after,.elementor-widget-divider--view-line_icon .elementor-divider-separator:before,.elementor-widget-divider--view-line_text .elementor-divider-separator:after,.elementor-widget-divider--view-line_text .elementor-divider-separator:before{display:block;content:\"\";border-bottom:0;flex-grow:1;border-top:var(--divider-border-width) var(--divider-border-style) var(--divider-color)}.elementor-widget-divider--element-align-left .elementor-divider .elementor-divider-separator>.elementor-divider__svg:first-of-type{flex-grow:0;flex-shrink:100}.elementor-widget-divider--element-align-left .elementor-divider-separator:before{content:none}.elementor-widget-divider--element-align-left .elementor-divider__element{margin-left:0}.elementor-widget-divider--element-align-right .elementor-divider .elementor-divider-separator>.elementor-divider__svg:last-of-type{flex-grow:0;flex-shrink:100}.elementor-widget-divider--element-align-right .elementor-divider-separator:after{content:none}.elementor-widget-divider--element-align-right .elementor-divider__element{margin-right:0}.elementor-widget-divider:not(.elementor-widget-divider--view-line_text):not(.elementor-widget-divider--view-line_icon) .elementor-divider-separator{border-top:var(--divider-border-width) var(--divider-border-style) var(--divider-color)}.elementor-widget-divider--separator-type-pattern{--divider-border-style:none}.elementor-widget-divider--separator-type-pattern.elementor-widget-divider--view-line .elementor-divider-separator,.elementor-widget-divider--separator-type-pattern:not(.elementor-widget-divider--view-line) .elementor-divider-separator:after,.elementor-widget-divider--separator-type-pattern:not(.elementor-widget-divider--view-line) .elementor-divider-separator:before,.elementor-widget-divider--separator-type-pattern:not([class*=elementor-widget-divider--view]) .elementor-divider-separator{width:100%;min-height:var(--divider-pattern-height);-webkit-mask-size:var(--divider-pattern-size) 100%;mask-size:var(--divider-pattern-size) 100%;-webkit-mask-repeat:var(--divider-pattern-repeat);mask-repeat:var(--divider-pattern-repeat);background-color:var(--divider-color);-webkit-mask-image:var(--divider-pattern-url);mask-image:var(--divider-pattern-url)}.elementor-widget-divider--no-spacing{--divider-pattern-size:auto}.elementor-widget-divider--bg-round{--divider-pattern-repeat:round}.rtl .elementor-widget-divider .elementor-divider__text{direction:rtl}.e-con-inner>.elementor-widget-divider,.e-con>.elementor-widget-divider{width:var(--container-widget-width,100%);--flex-grow:var(--container-widget-flex-grow)}<\/style>\t\t<div class=\"elementor-divider\">\n\t\t\t<span class=\"elementor-divider-separator\">\n\t\t\t\t\t\t<\/span>\n\t\t<\/div>\n\t\t\t\t<\/div>\n\t\t\t\t<\/div>\n\t\t\t\t<div class=\"elementor-element elementor-element-06f17bc elementor-widget elementor-widget-text-editor\" data-id=\"06f17bc\" data-element_type=\"widget\" data-widget_type=\"text-editor.default\">\n\t\t\t\t<div class=\"elementor-widget-container\">\n\t\t\t<style>\/*! elementor - v3.18.0 - 20-12-2023 *\/\n.elementor-widget-text-editor.elementor-drop-cap-view-stacked .elementor-drop-cap{background-color:#69727d;color:#fff}.elementor-widget-text-editor.elementor-drop-cap-view-framed .elementor-drop-cap{color:#69727d;border:3px solid;background-color:transparent}.elementor-widget-text-editor:not(.elementor-drop-cap-view-default) .elementor-drop-cap{margin-top:8px}.elementor-widget-text-editor:not(.elementor-drop-cap-view-default) .elementor-drop-cap-letter{width:1em;height:1em}.elementor-widget-text-editor .elementor-drop-cap{float:left;text-align:center;line-height:1;font-size:50px}.elementor-widget-text-editor .elementor-drop-cap-letter{display:inline-block}<\/style>\t\t\t\t<p><span class=\"logo\">SEVcommunication<\/span> est une agence de design global fond\u00e9e en 1992.<\/p><p>Ainsi depuis plus de 30 ans, l&rsquo;agence SEVcommunication cr\u00e9e, invente, innove, propose des solutions pour am\u00e9liorer et faciliter l\u2019usage, le fonctionnement ou l\u2019image des b\u00e2timents, territoires, marques, patrimoines ou communications des clients qui lui font confiance.<\/p><p>Pluridisciplinaire et exp\u00e9riment\u00e9e, notre \u00e9quipe fonctionne autour de 3 p\u00f4les distincts mais interd\u00e9pendants : le graphisme, la sc\u00e9nographie et la signal\u00e9tique.<\/p>\t\t\t\t\t\t<\/div>\n\t\t\t\t<\/div>\n\t\t\t\t<\/div>\n\t\t\t\t\t<\/div>\n\t\t\t\t<\/div>\n\t\t<div class=\"elementor-element elementor-element-24f6129 e-flex e-con-boxed wpr-particle-no wpr-jarallax-no wpr-parallax-no wpr-sticky-section-no e-con e-parent\" data-id=\"24f6129\" data-element_type=\"container\" data-settings=\"{&quot;container_type&quot;:&quot;flex&quot;,&quot;content_width&quot;:&quot;boxed&quot;}\" data-core-v316-plus=\"true\">\n\t\t\t\t\t<div class=\"e-con-inner\">\n\t\t<div class=\"elementor-element elementor-element-84698c1 e-con-full e-flex wpr-particle-no wpr-jarallax-no wpr-parallax-no wpr-sticky-section-no e-con e-child\" data-id=\"84698c1\" data-element_type=\"container\" data-settings=\"{&quot;content_width&quot;:&quot;full&quot;,&quot;container_type&quot;:&quot;flex&quot;}\">\n\t\t\t\t<div class=\"elementor-element elementor-element-48fa4aa e-transform elementor-widget elementor-widget-heading\" data-id=\"48fa4aa\" data-element_type=\"widget\" data-settings=\"{&quot;_transform_translateY_effect_hover&quot;:{&quot;unit&quot;:&quot;px&quot;,&quot;size&quot;:-30,&quot;sizes&quot;:[]},&quot;_transform_translateX_effect_hover&quot;:{&quot;unit&quot;:&quot;px&quot;,&quot;size&quot;:&quot;&quot;,&quot;sizes&quot;:[]},&quot;_transform_translateX_effect_hover_tablet&quot;:{&quot;unit&quot;:&quot;px&quot;,&quot;size&quot;:&quot;&quot;,&quot;sizes&quot;:[]},&quot;_transform_translateX_effect_hover_mobile&quot;:{&quot;unit&quot;:&quot;px&quot;,&quot;size&quot;:&quot;&quot;,&quot;sizes&quot;:[]},&quot;_transform_translateY_effect_hover_tablet&quot;:{&quot;unit&quot;:&quot;px&quot;,&quot;size&quot;:&quot;&quot;,&quot;sizes&quot;:[]},&quot;_transform_translateY_effect_hover_mobile&quot;:{&quot;unit&quot;:&quot;px&quot;,&quot;size&quot;:&quot;&quot;,&quot;sizes&quot;:[]}}\" data-widget_type=\"heading.default\">\n\t\t\t\t<div class=\"elementor-widget-container\">\n\t\t\t<style>\/*! elementor - v3.18.0 - 20-12-2023 *\/\n.elementor-heading-title{padding:0;margin:0;line-height:1}.elementor-widget-heading .elementor-heading-title[class*=elementor-size-]>a{color:inherit;font-size:inherit;line-height:inherit}.elementor-widget-heading .elementor-heading-title.elementor-size-small{font-size:15px}.elementor-widget-heading .elementor-heading-title.elementor-size-medium{font-size:19px}.elementor-widget-heading .elementor-heading-title.elementor-size-large{font-size:29px}.elementor-widget-heading .elementor-heading-title.elementor-size-xl{font-size:39px}.elementor-widget-heading .elementor-heading-title.elementor-size-xxl{font-size:59px}<\/style><h2 class=\"elementor-heading-title elementor-size-default\"><a href=\"https:\/\/sevcommunication.com\/index.php\/projets-signaletique\/\">Signal\u00e9tique<\/a><\/h2>\t\t<\/div>\n\t\t\t\t<\/div>\n\t\t\t\t<div class=\"elementor-element elementor-element-79d5936 elementor-widget-divider--view-line elementor-widget elementor-widget-divider\" data-id=\"79d5936\" data-element_type=\"widget\" data-widget_type=\"divider.default\">\n\t\t\t\t<div class=\"elementor-widget-container\">\n\t\t\t\t\t<div class=\"elementor-divider\">\n\t\t\t<span class=\"elementor-divider-separator\">\n\t\t\t\t\t\t<\/span>\n\t\t<\/div>\n\t\t\t\t<\/div>\n\t\t\t\t<\/div>\n\t\t\t\t<div class=\"elementor-element elementor-element-b319690 elementor-widget elementor-widget-text-editor\" data-id=\"b319690\" data-element_type=\"widget\" data-widget_type=\"text-editor.default\">\n\t\t\t\t<div class=\"elementor-widget-container\">\n\t\t\t\t\t\t\t<p>Rep\u00e9rage, d\u00e9finition des besoins et contraintes, d\u00e9finition des typologies de support, conception des mobiliers de signal\u00e9tique, conception graphique, plans d&rsquo;orientation, fichiers d\u2019ex\u00e9cution, fabrication, impression, pose, d\u00e9pose, suivi de production et de chantier,&#8230;<\/p>\t\t\t\t\t\t<\/div>\n\t\t\t\t<\/div>\n\t\t\t\t<\/div>\n\t\t<div class=\"elementor-element elementor-element-a23920d e-con-full e-flex wpr-particle-no wpr-jarallax-no wpr-parallax-no wpr-sticky-section-no e-con e-child\" data-id=\"a23920d\" data-element_type=\"container\" data-settings=\"{&quot;content_width&quot;:&quot;full&quot;,&quot;container_type&quot;:&quot;flex&quot;}\">\n\t\t\t\t<div class=\"elementor-element elementor-element-d55f298 e-transform elementor-widget elementor-widget-heading\" data-id=\"d55f298\" data-element_type=\"widget\" data-settings=\"{&quot;_transform_translateY_effect_hover&quot;:{&quot;unit&quot;:&quot;px&quot;,&quot;size&quot;:-30,&quot;sizes&quot;:[]},&quot;_transform_translateX_effect_hover&quot;:{&quot;unit&quot;:&quot;px&quot;,&quot;size&quot;:&quot;&quot;,&quot;sizes&quot;:[]},&quot;_transform_translateX_effect_hover_tablet&quot;:{&quot;unit&quot;:&quot;px&quot;,&quot;size&quot;:&quot;&quot;,&quot;sizes&quot;:[]},&quot;_transform_translateX_effect_hover_mobile&quot;:{&quot;unit&quot;:&quot;px&quot;,&quot;size&quot;:&quot;&quot;,&quot;sizes&quot;:[]},&quot;_transform_translateY_effect_hover_tablet&quot;:{&quot;unit&quot;:&quot;px&quot;,&quot;size&quot;:&quot;&quot;,&quot;sizes&quot;:[]},&quot;_transform_translateY_effect_hover_mobile&quot;:{&quot;unit&quot;:&quot;px&quot;,&quot;size&quot;:&quot;&quot;,&quot;sizes&quot;:[]}}\" data-widget_type=\"heading.default\">\n\t\t\t\t<div class=\"elementor-widget-container\">\n\t\t\t<h2 class=\"elementor-heading-title elementor-size-default\"><a href=\"https:\/\/sevcommunication.com\/index.php\/projets-graphisme\/\">Graphisme<\/a><\/h2>\t\t<\/div>\n\t\t\t\t<\/div>\n\t\t\t\t<div class=\"elementor-element elementor-element-e30ff72 elementor-widget-divider--view-line elementor-widget elementor-widget-divider\" data-id=\"e30ff72\" data-element_type=\"widget\" data-widget_type=\"divider.default\">\n\t\t\t\t<div class=\"elementor-widget-container\">\n\t\t\t\t\t<div class=\"elementor-divider\">\n\t\t\t<span class=\"elementor-divider-separator\">\n\t\t\t\t\t\t<\/span>\n\t\t<\/div>\n\t\t\t\t<\/div>\n\t\t\t\t<\/div>\n\t\t\t\t<div class=\"elementor-element elementor-element-043b7a6 elementor-widget elementor-widget-text-editor\" data-id=\"043b7a6\" data-element_type=\"widget\" data-widget_type=\"text-editor.default\">\n\t\t\t\t<div class=\"elementor-widget-container\">\n\t\t\t\t\t\t\t<p>Recherche et cr\u00e9ation de noms, logotypes, identit\u00e9s visuelles, chartes graphiques, affiches, flyers, cartes de visite, d\u00e9clinaison sur goodies, marquage de v\u00e9hicule, mise en page d\u2019\u00e9ditions (magazines, livrets), illustration, cartographie, fichiers d\u2019ex\u00e9cution des outils de communication,&#8230;<\/p>\t\t\t\t\t\t<\/div>\n\t\t\t\t<\/div>\n\t\t\t\t<\/div>\n\t\t<div class=\"elementor-element elementor-element-d582de6 e-con-full e-flex wpr-particle-no wpr-jarallax-no wpr-parallax-no wpr-sticky-section-no e-con e-child\" data-id=\"d582de6\" data-element_type=\"container\" data-settings=\"{&quot;content_width&quot;:&quot;full&quot;,&quot;container_type&quot;:&quot;flex&quot;}\">\n\t\t\t\t<div class=\"elementor-element elementor-element-f76f724 e-transform elementor-widget elementor-widget-heading\" data-id=\"f76f724\" data-element_type=\"widget\" data-settings=\"{&quot;_transform_translateY_effect_hover&quot;:{&quot;unit&quot;:&quot;px&quot;,&quot;size&quot;:-30,&quot;sizes&quot;:[]},&quot;_transform_translateX_effect_hover&quot;:{&quot;unit&quot;:&quot;px&quot;,&quot;size&quot;:&quot;&quot;,&quot;sizes&quot;:[]},&quot;_transform_translateX_effect_hover_tablet&quot;:{&quot;unit&quot;:&quot;px&quot;,&quot;size&quot;:&quot;&quot;,&quot;sizes&quot;:[]},&quot;_transform_translateX_effect_hover_mobile&quot;:{&quot;unit&quot;:&quot;px&quot;,&quot;size&quot;:&quot;&quot;,&quot;sizes&quot;:[]},&quot;_transform_translateY_effect_hover_tablet&quot;:{&quot;unit&quot;:&quot;px&quot;,&quot;size&quot;:&quot;&quot;,&quot;sizes&quot;:[]},&quot;_transform_translateY_effect_hover_mobile&quot;:{&quot;unit&quot;:&quot;px&quot;,&quot;size&quot;:&quot;&quot;,&quot;sizes&quot;:[]}}\" data-widget_type=\"heading.default\">\n\t\t\t\t<div class=\"elementor-widget-container\">\n\t\t\t<h2 class=\"elementor-heading-title elementor-size-default\"><a href=\"https:\/\/sevcommunication.com\/index.php\/projets-scenographie\/\">Sc\u00e9nographie<\/a><\/h2>\t\t<\/div>\n\t\t\t\t<\/div>\n\t\t\t\t<div class=\"elementor-element elementor-element-c49b95c elementor-widget-divider--view-line elementor-widget elementor-widget-divider\" data-id=\"c49b95c\" data-element_type=\"widget\" data-widget_type=\"divider.default\">\n\t\t\t\t<div class=\"elementor-widget-container\">\n\t\t\t\t\t<div class=\"elementor-divider\">\n\t\t\t<span class=\"elementor-divider-separator\">\n\t\t\t\t\t\t<\/span>\n\t\t<\/div>\n\t\t\t\t<\/div>\n\t\t\t\t<\/div>\n\t\t\t\t<div class=\"elementor-element elementor-element-0c77887 elementor-widget elementor-widget-text-editor\" data-id=\"0c77887\" data-element_type=\"widget\" data-widget_type=\"text-editor.default\">\n\t\t\t\t<div class=\"elementor-widget-container\">\n\t\t\t\t\t\t\t<p>Am\u00e9nagement d&rsquo;espaces, d\u00e9finition des circulations, conception de mobilier et vitrines, s\u00e9curisation des objets, mises en lumi\u00e8re, conception de dispositifs de m\u00e9diation, graphisme d&rsquo;exposition, iconographie, cartographie, illustration, retouche et traitement graphique des iconographies, cartels, mise en forme des contenus, fabrication, impression, pose, d\u00e9pose, suivi de production et de chantier,&#8230;<\/p>\t\t\t\t\t\t<\/div>\n\t\t\t\t<\/div>\n\t\t\t\t<\/div>\n\t\t\t\t\t<\/div>\n\t\t\t\t<\/div>\n\t\t<div class=\"elementor-element elementor-element-834ff20 e-flex e-con-boxed wpr-particle-no wpr-jarallax-no wpr-parallax-no wpr-sticky-section-no e-con e-parent\" data-id=\"834ff20\" data-element_type=\"container\" data-settings=\"{&quot;container_type&quot;:&quot;flex&quot;,&quot;content_width&quot;:&quot;boxed&quot;}\" data-core-v316-plus=\"true\">\n\t\t\t\t\t<div class=\"e-con-inner\">\n\t\t<div class=\"elementor-element elementor-element-1b6d02c e-con-full e-flex wpr-particle-no wpr-jarallax-no wpr-parallax-no wpr-sticky-section-no e-con e-child\" data-id=\"1b6d02c\" data-element_type=\"container\" data-settings=\"{&quot;content_width&quot;:&quot;full&quot;,&quot;container_type&quot;:&quot;flex&quot;}\">\n\t\t\t\t<div class=\"elementor-element elementor-element-663296c elementor-widget elementor-widget-heading\" data-id=\"663296c\" data-element_type=\"widget\" data-widget_type=\"heading.default\">\n\t\t\t\t<div class=\"elementor-widget-container\">\n\t\t\t<h2 class=\"elementor-heading-title elementor-size-default\">SEV Communication c'est :<\/h2>\t\t<\/div>\n\t\t\t\t<\/div>\n\t\t\t\t<div class=\"elementor-element elementor-element-e63958f elementor-widget-divider--view-line elementor-widget elementor-widget-divider\" data-id=\"e63958f\" data-element_type=\"widget\" data-widget_type=\"divider.default\">\n\t\t\t\t<div class=\"elementor-widget-container\">\n\t\t\t\t\t<div class=\"elementor-divider\">\n\t\t\t<span class=\"elementor-divider-separator\">\n\t\t\t\t\t\t<\/span>\n\t\t<\/div>\n\t\t\t\t<\/div>\n\t\t\t\t<\/div>\n\t\t\t\t<div class=\"elementor-element elementor-element-da31ea4 elementor-widget elementor-widget-text-editor\" data-id=\"da31ea4\" data-element_type=\"widget\" data-widget_type=\"text-editor.default\">\n\t\t\t\t<div class=\"elementor-widget-container\">\n\t\t\t\t\t\t\t<p><b>L\u2019exp\u00e9rience et le savoir-faire au service des collectivit\u00e9s,<\/b> institutions et entreprises, avec une ma\u00eetrise parfaite des diff\u00e9rentes structures, de leurs comp\u00e9tences et de leurs modes de fonctionnement.<\/p><p><b>Un accompagnement et une pr\u00e9sence permanente<\/b> tout au long de la mission, avec des r\u00e9unions de pr\u00e9paration, de pr\u00e9sentation, de travail mais aussi de suivi de chantier.<\/p><p><b>Une disponibilit\u00e9 et des \u00e9changes continus<\/b> pour une \u00e9coute constante des besoins et souhaits de ses clients. Force de proposition, notre objectif est de construire ensemble le projet qui vous correspond.<\/p><p><b>Une \u00e9quipe impliqu\u00e9e et pluridisciplinaire<\/b> disposant des comp\u00e9tences et des moyens mat\u00e9riels lui permettant la ma\u00eetrise totale des d\u00e9lais d\u2019ex\u00e9cution et la cr\u00e9ation d&rsquo;un projet pertinent et ambitieux.<\/p>\t\t\t\t\t\t<\/div>\n\t\t\t\t<\/div>\n\t\t\t\t<\/div>\n\t\t\t\t\t<\/div>\n\t\t\t\t<\/div>\n\t\t\t\t\t\t\t<\/div>\n\t\t","protected":false},"excerpt":{"rendered":"<p>SEVcommunication est une agence de design global fond\u00e9e en 1992. Ainsi depuis plus de 30 ans, l&rsquo;agence SEVcommunication cr\u00e9e, invente, innove, propose des solutions pour am\u00e9liorer et faciliter l\u2019usage, le fonctionnement ou l\u2019image des b\u00e2timents, territoires, marques, patrimoines ou communications des clients qui lui font confiance. Pluridisciplinaire et exp\u00e9riment\u00e9e, notre \u00e9quipe fonctionne autour de 3 [&hellip;]<\/p>\n","protected":false},"author":1,"featured_media":0,"parent":0,"menu_order":0,"comment_status":"closed","ping_status":"closed","template":"","meta":{"_coblocks_attr":"","_coblocks_dimensions":"","_coblocks_responsive_height":"","_coblocks_accordion_ie_support":"","footnotes":""},"class_list":["post-4311","page","type-page","status-publish","hentry","entry"],"yoast_head":"<!-- This site is optimized with the Yoast SEO plugin v20.9 - https:\/\/yoast.com\/wordpress\/plugins\/seo\/ -->\n<title>L&#039;agence - SEVcommunication<\/title>\n<meta name=\"robots\" content=\"index, follow, max-snippet:-1, max-image-preview:large, max-video-preview:-1\" \/>\n<link rel=\"canonical\" href=\"https:\/\/sevcommunication.com\/index.php\/lagence-nouvelle-version\/\" \/>\n<meta property=\"og:locale\" content=\"fr_FR\" \/>\n<meta property=\"og:type\" content=\"article\" \/>\n<meta property=\"og:title\" content=\"L&#039;agence - SEVcommunication\" \/>\n<meta property=\"og:description\" content=\"SEVcommunication est une agence de design global fond\u00e9e en 1992. Ainsi depuis plus de 30 ans, l&rsquo;agence SEVcommunication cr\u00e9e, invente, innove, propose des solutions pour am\u00e9liorer et faciliter l\u2019usage, le fonctionnement ou l\u2019image des b\u00e2timents, territoires, marques, patrimoines ou communications des clients qui lui font confiance. Pluridisciplinaire et exp\u00e9riment\u00e9e, notre \u00e9quipe fonctionne autour de 3 [&hellip;]\" \/>\n<meta property=\"og:url\" content=\"https:\/\/sevcommunication.com\/index.php\/lagence-nouvelle-version\/\" \/>\n<meta property=\"og:site_name\" content=\"SEVcommunication\" \/>\n<meta property=\"article:modified_time\" content=\"2024-04-02T12:45:40+00:00\" \/>\n<meta name=\"twitter:card\" content=\"summary_large_image\" \/>\n<meta name=\"twitter:label1\" content=\"Dur\u00e9e de lecture estim\u00e9e\" \/>\n\t<meta name=\"twitter:data1\" content=\"2 minutes\" \/>\n<script type=\"application\/ld+json\" class=\"yoast-schema-graph\">{\"@context\":\"https:\/\/schema.org\",\"@graph\":[{\"@type\":\"WebPage\",\"@id\":\"https:\/\/sevcommunication.com\/index.php\/lagence-nouvelle-version\/\",\"url\":\"https:\/\/sevcommunication.com\/index.php\/lagence-nouvelle-version\/\",\"name\":\"L'agence - SEVcommunication\",\"isPartOf\":{\"@id\":\"https:\/\/sevcommunication.com\/#website\"},\"datePublished\":\"2024-01-06T09:33:52+00:00\",\"dateModified\":\"2024-04-02T12:45:40+00:00\",\"breadcrumb\":{\"@id\":\"https:\/\/sevcommunication.com\/index.php\/lagence-nouvelle-version\/#breadcrumb\"},\"inLanguage\":\"fr-FR\",\"potentialAction\":[{\"@type\":\"ReadAction\",\"target\":[\"https:\/\/sevcommunication.com\/index.php\/lagence-nouvelle-version\/\"]}]},{\"@type\":\"BreadcrumbList\",\"@id\":\"https:\/\/sevcommunication.com\/index.php\/lagence-nouvelle-version\/#breadcrumb\",\"itemListElement\":[{\"@type\":\"ListItem\",\"position\":1,\"name\":\"Accueil\",\"item\":\"https:\/\/sevcommunication.com\/\"},{\"@type\":\"ListItem\",\"position\":2,\"name\":\"L&#8217;agence\"}]},{\"@type\":\"WebSite\",\"@id\":\"https:\/\/sevcommunication.com\/#website\",\"url\":\"https:\/\/sevcommunication.com\/\",\"name\":\"SEVcommunication\",\"description\":\"Agence de communication en r\u00e9gion lyonnaise\",\"potentialAction\":[{\"@type\":\"SearchAction\",\"target\":{\"@type\":\"EntryPoint\",\"urlTemplate\":\"https:\/\/sevcommunication.com\/?s={search_term_string}\"},\"query-input\":\"required name=search_term_string\"}],\"inLanguage\":\"fr-FR\"}]}<\/script>\n<!-- \/ Yoast SEO plugin. -->","yoast_head_json":{"title":"L'agence - SEVcommunication","robots":{"index":"index","follow":"follow","max-snippet":"max-snippet:-1","max-image-preview":"max-image-preview:large","max-video-preview":"max-video-preview:-1"},"canonical":"https:\/\/sevcommunication.com\/index.php\/lagence-nouvelle-version\/","og_locale":"fr_FR","og_type":"article","og_title":"L'agence - SEVcommunication","og_description":"SEVcommunication est une agence de design global fond\u00e9e en 1992. Ainsi depuis plus de 30 ans, l&rsquo;agence SEVcommunication cr\u00e9e, invente, innove, propose des solutions pour am\u00e9liorer et faciliter l\u2019usage, le fonctionnement ou l\u2019image des b\u00e2timents, territoires, marques, patrimoines ou communications des clients qui lui font confiance. Pluridisciplinaire et exp\u00e9riment\u00e9e, notre \u00e9quipe fonctionne autour de 3 [&hellip;]","og_url":"https:\/\/sevcommunication.com\/index.php\/lagence-nouvelle-version\/","og_site_name":"SEVcommunication","article_modified_time":"2024-04-02T12:45:40+00:00","twitter_card":"summary_large_image","twitter_misc":{"Dur\u00e9e de lecture estim\u00e9e":"2 minutes"},"schema":{"@context":"https:\/\/schema.org","@graph":[{"@type":"WebPage","@id":"https:\/\/sevcommunication.com\/index.php\/lagence-nouvelle-version\/","url":"https:\/\/sevcommunication.com\/index.php\/lagence-nouvelle-version\/","name":"L'agence - SEVcommunication","isPartOf":{"@id":"https:\/\/sevcommunication.com\/#website"},"datePublished":"2024-01-06T09:33:52+00:00","dateModified":"2024-04-02T12:45:40+00:00","breadcrumb":{"@id":"https:\/\/sevcommunication.com\/index.php\/lagence-nouvelle-version\/#breadcrumb"},"inLanguage":"fr-FR","potentialAction":[{"@type":"ReadAction","target":["https:\/\/sevcommunication.com\/index.php\/lagence-nouvelle-version\/"]}]},{"@type":"BreadcrumbList","@id":"https:\/\/sevcommunication.com\/index.php\/lagence-nouvelle-version\/#breadcrumb","itemListElement":[{"@type":"ListItem","position":1,"name":"Accueil","item":"https:\/\/sevcommunication.com\/"},{"@type":"ListItem","position":2,"name":"L&#8217;agence"}]},{"@type":"WebSite","@id":"https:\/\/sevcommunication.com\/#website","url":"https:\/\/sevcommunication.com\/","name":"SEVcommunication","description":"Agence de communication en r\u00e9gion lyonnaise","potentialAction":[{"@type":"SearchAction","target":{"@type":"EntryPoint","urlTemplate":"https:\/\/sevcommunication.com\/?s={search_term_string}"},"query-input":"required name=search_term_string"}],"inLanguage":"fr-FR"}]}},"_links":{"self":[{"href":"https:\/\/sevcommunication.com\/index.php\/wp-json\/wp\/v2\/pages\/4311","targetHints":{"allow":["GET"]}}],"collection":[{"href":"https:\/\/sevcommunication.com\/index.php\/wp-json\/wp\/v2\/pages"}],"about":[{"href":"https:\/\/sevcommunication.com\/index.php\/wp-json\/wp\/v2\/types\/page"}],"author":[{"embeddable":true,"href":"https:\/\/sevcommunication.com\/index.php\/wp-json\/wp\/v2\/users\/1"}],"replies":[{"embeddable":true,"href":"https:\/\/sevcommunication.com\/index.php\/wp-json\/wp\/v2\/comments?post=4311"}],"version-history":[{"count":17,"href":"https:\/\/sevcommunication.com\/index.php\/wp-json\/wp\/v2\/pages\/4311\/revisions"}],"predecessor-version":[{"id":5224,"href":"https:\/\/sevcommunication.com\/index.php\/wp-json\/wp\/v2\/pages\/4311\/revisions\/5224"}],"wp:attachment":[{"href":"https:\/\/sevcommunication.com\/index.php\/wp-json\/wp\/v2\/media?parent=4311"}],"curies":[{"name":"wp","href":"https:\/\/api.w.org\/{rel}","templated":true}]}}